{"id":14323,"date":"2015-08-01T10:50:54","date_gmt":"2015-08-01T14:50:54","guid":{"rendered":"http:\/\/cultureaddicts.com\/?page_id=14323"},"modified":"2024-08-19T07:55:13","modified_gmt":"2024-08-19T11:55:13","slug":"record-stores-where-you-can-dig","status":"publish","type":"page","link":"https:\/\/cultureaddicts.com\/?page_id=14323","title":{"rendered":"Where you can dig"},"content":{"rendered":"\n<figure class=\"wp-block-image size-large\"><a href=\"https:\/\/i0.wp.com\/cultureaddicts.com\/wp-content\/uploads\/2016\/01\/Where-to-dig-skinny-blackwhite.jpg\"><img data-recalc-dims=\"1\" loading=\"lazy\" decoding=\"async\" width=\"1024\" height=\"349\" src=\"https:\/\/i0.wp.com\/cultureaddicts.com\/wp-content\/uploads\/2016\/01\/Where-to-dig-skinny-blackwhite.jpg?resize=1024%2C349\" alt=\"\" class=\"wp-image-19562\" srcset=\"https:\/\/i0.wp.com\/cultureaddicts.com\/wp-content\/uploads\/2016\/01\/Where-to-dig-skinny-blackwhite.jpg?w=1024&amp;ssl=1 1024w, https:\/\/i0.wp.com\/cultureaddicts.com\/wp-content\/uploads\/2016\/01\/Where-to-dig-skinny-blackwhite.jpg?resize=300%2C102&amp;ssl=1 300w, https:\/\/i0.wp.com\/cultureaddicts.com\/wp-content\/uploads\/2016\/01\/Where-to-dig-skinny-blackwhite.jpg?resize=768%2C262&amp;ssl=1 768w\" sizes=\"auto, (max-width: 1000px) 100vw, 1000px\" \/><\/a><\/figure>\n\n\n\n<p>Hey vinyl addicts!!! We&#8217;ve been slowly pulling together a growing list of record stores that stock vinyl from places around the world. It\u2019s basically shops we\u2019ve been to and enjoyed. Here&#8217;s what we have so far&#8230;<\/p>\n\n\n\n<p><strong>Barcelona, Spain<\/strong><\/p>\n\n\n\n<p><a href=\"https:\/\/www.discosparadiso.com\/\" target=\"_blank\" rel=\"noopener\" title=\"\">Discos Paradiso<\/a> &#8211; C\/ Ferlandina, 39<\/p>\n\n\n\n<p><strong>Boston, MA<\/strong><\/p>\n\n\n\n<p>Music Research Library &#8211; 24 Joy St<br>Newbury Comics &#8211; There are locations everywhere in the city but make sure to hit the one on Newbury Street<\/p>\n\n\n\n<p><b>Bucharest, Romania<\/b><\/p>\n\n\n\n<p><a href=\"http:\/\/carturesticarusel.ro\">Carturesti Carusel<\/a> &#8211; Strada Lipscani 55<br>Music Box &#8211; Calea Floreasca 242, Vila O, Sector 1<br>Niche Records &#8211; Strada Arcu\u0219ului 6<\/p>\n\n\n\n<p><strong>Cambridge, MA<\/strong><\/p>\n\n\n\n<p>Planet Records &#8211; 144 Mt Auburn St<\/p>\n\n\n\n<p><b>Charlottetown, PEI Canada<\/b><\/p>\n\n\n\n<p>Back Alley Music &#8211; 257 Queen St.<\/p>\n\n\n\n<p><b>Collingwood, ON Canada<\/b><\/p>\n\n\n\n<p><a href=\"https:\/\/www.facebook.com\/maddogsvinylcafe\" target=\"_blank\" rel=\"noopener noreferrer\">Mad Dog\u2019s Coffee and Vinyl Caf\u00e9 <\/a> &#8211; 203 Hurontario St.<\/p>\n\n\n\n<p><b>Dublin, Ireland<\/b><\/p>\n\n\n\n<p>Freebird Records &#8211; 15A Wicklow Street<br>The Record Spot &#8211;&nbsp;16B Fade Street<br>Spindizzy Records &#8211; 32 Market Arcade South Great George&#8217;s Street<\/p>\n\n\n\n<p><b>Edinburgh, Scotland<\/b><\/p>\n\n\n\n<p>Elvis Shakespeare &#8211;&nbsp;347 Leith Walk<br>FOPP &#8211;&nbsp;3-15 Rose St<br>Oxfam Music Shop &#8211;&nbsp;64 Raeburn Place<br>Unknown Pleasures &#8211;&nbsp;110 Canongate<br>Vinyl Villains &#8211;&nbsp;5 Elm Row<br>VoxBox Music &#8211;&nbsp;21 St Stephen St<\/p>\n\n\n\n<p><b>Halifax, NS Canada<\/b><\/p>\n\n\n\n<p>Obsolete Records &#8211; 2855 Agricola St.<br>Taz Records &#8211;&nbsp;1521 Grafton St.<\/p>\n\n\n\n<p><b>Hamilton, ON Canada<\/b><\/p>\n\n\n\n<p><a href=\"http:\/\/www.drdisc.ca\" target=\"_blank\" rel=\"noopener noreferrer\">Dr. Disc<\/a>&nbsp;&#8211; 20 Wilson St.<br><a href=\"https:\/\/www.facebook.com\/Hammer-City-Records-144221478929997\" target=\"_blank\" rel=\"noopener noreferrer\">Hammer City Records<\/a> &#8211;&nbsp;228 James St. N.<br>Into The Abyss &#8211;&nbsp;267 King St East<br>Its Alright Ma Record Store &#8211; 338 Barton St. E<\/p>\n\n\n\n<p><b>London, England<\/b><\/p>\n\n\n\n<p>Cosmos Records &#8211; 324 Hackney Rd.<br><a href=\"http:\/\/www.roughtrade.com\" target=\"_blank\" rel=\"noopener noreferrer\">Rough Trade East<\/a> &#8211; Old Truman Brewery, 91 Brick Lane<br><a href=\"http:\/\/roughtrade.com\">Rough Trade West<\/a> &#8211; 130 Talbot Rd<a href=\"https:\/\/www.facebook.com\/sisterrayrecords\" target=\"_blank\" rel=\"noopener noreferrer\"><br><\/a><a href=\"https:\/\/www.facebook.com\/sisterrayrecords\" target=\"_blank\" rel=\"noopener noreferrer\">Sister Ray Records<\/a> &#8211; 75 Berwick St.<\/p>\n\n\n\n<p><b>Lunenberg, NS Canada<\/b><\/p>\n\n\n\n<p>Old Town Records &#8211; 139 Montague St Unit # 1<\/p>\n\n\n\n<p><strong>Miami, FL<\/strong><\/p>\n\n\n\n<p><a href=\"http:\/\/Www.luckyrecordsmiami.com\" target=\"_blank\" rel=\"noopener\" title=\"\">Lucky Records<\/a> &#8211; 143 NW 23rd St. <br><a href=\"http:\/\/Www.sweatrecordsmiami.Com\" target=\"_blank\" rel=\"noopener\" title=\"\">Sweat Records<\/a> &#8211; 5505 NE 2nd Ave.<br><a href=\"http:\/\/Www.techniquerecords.com\" target=\"_blank\" rel=\"noopener\" title=\"\">Technique Records<\/a> &#8211; 880 NE 79th St. <\/p>\n\n\n\n<p><b>Moncton, NB, Canada<\/b><\/p>\n\n\n\n<p>Spin-It Records &amp; Video &#8211; 467 Main St.<\/p>\n\n\n\n<p><b>Montreal, QB Canada<\/b><\/p>\n\n\n\n<p><a href=\"http:\/\/cheapthrills.ca\" target=\"_blank\" rel=\"noopener noreferrer\">Cheap Thrills<\/a> &#8211;&nbsp;2044 Metcalfe (2nd Floor)<br><a href=\"http:\/\/sonoramadisques.com\" target=\"_blank\" rel=\"noopener noreferrer\">Sonarama Disques<\/a> &#8211;&nbsp;260 Bernard O<\/p>\n\n\n\n<p><b>New Orleans, LA USA<\/b><\/p>\n\n\n\n<p>Euclid Records &#8211; 3301 Chartres St<br>No Pulp Records &#8211; 228 Decatur At 3rd floor<br>NOLA Mix Records &#8211; 1522 Magazine St<\/p>\n\n\n\n<p><b>New York City, NY USA<\/b><\/p>\n\n\n\n<p><a href=\"http:\/\/www.capturedtracks.com\/capturedtracksshop\/\" target=\"_blank\" rel=\"noopener noreferrer\">Captured Tracks <\/a><b>&#8211;&nbsp;<\/b>195 Calyer St.<br><a href=\"http:\/\/www.generationrecords.com\" target=\"_blank\" rel=\"noopener noreferrer\">Generation Records<\/a> &#8211;&nbsp;210 Thompson St.<br><a href=\"http:\/\/inlivingstereo.com\" target=\"_blank\" rel=\"noopener noreferrer\">In Living Stereo <\/a>&#8211;&nbsp;2 Great Jones St.<br><a href=\"https:\/\/www.facebook.com\/Rebel-Rebel-Records-148458791874071\/\" target=\"_blank\" rel=\"noopener noreferrer\">Rebel Rebel Records<\/a> &#8211;&nbsp;319 Bleecker St.<a href=\"http:\/\/www.roughtrade.com\" target=\"_blank\" rel=\"noopener noreferrer\"><br>Rough Trade NYC<\/a><b>&nbsp;&#8211;&nbsp;<\/b>64 North 9th St.<\/p>\n\n\n\n<p><b>Quebec City, QB Canada<\/b><\/p>\n\n\n\n<p>Le Knock-Out! &#8211;&nbsp;832 Rue Saint-Joseph E.<br>Musique Chez Sonny &#8211;&nbsp;664 Rue Saint-Jean<\/p>\n\n\n\n<p><strong>Prague, Czech Republic<\/strong><\/p>\n\n\n\n<p><a href=\"https:\/\/www.gramrecords.cz\/\" target=\"_blank\" rel=\"noopener\" title=\"\">Gram Records<\/a> &#8211; Lu\u017eick\u00e1 1636 \/ 31<br><a href=\"https:\/\/www.phono.cz\/\" target=\"_blank\" rel=\"noopener\" title=\"\">Phono.cz<\/a> &#8211; Opatovick\u00e1 156\/24<\/p>\n\n\n\n<p><b>Reykjavik, Iceland<\/b><\/p>\n\n\n\n<p><a href=\"http:\/\/luckyrecords.is\" target=\"_blank\" rel=\"noopener noreferrer\">Lucky Records<\/a> &#8211; Rau\u00f0ar\u00e1rst\u00edgur 10<\/p>\n\n\n\n<p><b>Saint John, NB Canada&nbsp;<\/b><\/p>\n\n\n\n<p>Backstreet Records &#8211; 124 Germain St.<\/p>\n\n\n\n<p><strong>Salem, MA<\/strong><\/p>\n\n\n\n<p><a href=\"https:\/\/www.residency-records.com\/\" target=\"_blank\" rel=\"noopener\" title=\"\">Residency Records<\/a> &#8211; 7 1\/2 Church St<\/p>\n\n\n\n<p><b>Stockholm, Sweden<\/b><\/p>\n\n\n\n<p>Bengans &#8211; <a class=\"collapsible-row-linkstyled__CollapsibleRowLink-dh6ipa-0 bqDZGz\">20 Drottninggatan, Norrmalm<\/a><br>Pet Sounds &#8211; Sk\u00e5negatan 53<br>An Ideal for Living &#8211; <a class=\"collapsible-row-linkstyled__CollapsibleRowLink-dh6ipa-0 bqDZGz\">19 S\u00f6dermannagatan, <\/a><a class=\"collapsible-row-linkstyled__CollapsibleRowLink-dh6ipa-0 bqDZGz\">S\u00f6dermalm<\/a><\/p>\n\n\n\n<p><b>Sydney, Australia<\/b><\/p>\n\n\n\n<p><a href=\"http:\/\/www.mojorecordbar.com\" target=\"_blank\" rel=\"noopener noreferrer\">Mojo Record Bar<\/a> &#8211;&nbsp;73 York St.<br><a href=\"http:\/\/www.recordstore.com.au\" target=\"_blank\" rel=\"noopener noreferrer\">Record&nbsp;Store<\/a> &#8211; 255b Crown St.<br><a href=\"http:\/\/www.redeye.com.au\" target=\"_blank\" rel=\"noopener noreferrer\">Red Eye Records<\/a> &#8211;&nbsp;143 York St.<br><a href=\"http:\/\/www.mojorecordbar.com\" target=\"_blank\" rel=\"noopener noreferrer\">Mojo Record Bar<\/a> &#8211;&nbsp;73 York St.<br><a href=\"http:\/\/www.recordstore.com.au\" target=\"_blank\" rel=\"noopener noreferrer\">Record&nbsp;Store<\/a> &#8211; 255b Crown St.<br><a href=\"http:\/\/www.redeye.com.au\" target=\"_blank\" rel=\"noopener noreferrer\">Red Eye Records<\/a> &#8211;&nbsp;143 York St.<\/p>\n\n\n\n<p><b>Tallinn, Estonia<\/b><\/p>\n\n\n\n<p>Biit Me&nbsp;Record Store &#8211; Viru 3-5<br>Raamatukoi Gramofon &#8211; Voorimehe 9<br>Tallinn Old Town Records &#8211; Olevim\u00e4gi 13<\/p>\n\n\n\n<p><b>Toronto, ON Canada<\/b><\/p>\n\n\n\n<p>Cosmos Records &#8211;\u00a0607A Queen Street West\u00a0or\u00a0652 Queen Street West<br>Cabin Fever &#8211; 1669 Bloor Street West<br><a href=\"https:\/\/www.facebook.com\/deaddogrecordsto\/\" target=\"_blank\" rel=\"noopener noreferrer\">Dead Dog Records<\/a> &#8211; 1209 Bloor St. W.<br>Grasshopper Records &#8211;\u00a01164 Dundas St. W.<br><a href=\"https:\/\/invisiblecityeditions.com\/\">Invisible City Record Shop<\/a> &#8211; 222 Spadina Ave., Unit C4<br><a href=\"http:\/\/kopsrecords.ca\" target=\"_blank\" rel=\"noopener noreferrer\">Kops\u00a0Records<\/a>\u00a0&#8211; 229 Queen St. W. \/ 529 Bloor St. W.<br><a href=\"http:\/\/Pop-music.ca\" target=\"_blank\" rel=\"noopener\" title=\"\">Pop Music<\/a> &#8211; 345 Broadview Ave. <br><a href=\"http:\/\/www.rotate.com\" target=\"_blank\" rel=\"noopener noreferrer\">Rotate This<\/a> &#8211;\u00a0186 Ossington Ave.<br><a href=\"https:\/\/www.facebook.com\/quixoticsoundsto\/\" target=\"_blank\" rel=\"noopener noreferrer\">Quixotic Sounds<\/a> &#8211; 938 College St.<br><a href=\"http:\/\/sonicboommusic.com\" target=\"_blank\" rel=\"noopener noreferrer\">Sonic Boom<\/a> &#8211; 215 Spadina Ave.<br><a href=\"http:\/\/www.tinyrecordshop.com\" target=\"_blank\" rel=\"noopener noreferrer\">Tiny Record Shop<\/a> &#8211; Online only<br><a href=\"http:\/\/www.tonalityrecords.com\" target=\"_blank\" rel=\"noopener noreferrer\">Tonality Records<\/a> &#8211; 2168 Dundas St. W.<\/p>\n\n\n\n<p><b>Vancouver, BC Canada<\/b><\/p>\n\n\n\n<p><a href=\"http:\/\/neptoon.com\" target=\"_blank\" rel=\"noopener noreferrer\">Neptoon Records<\/a> &#8211;&nbsp;3561 Main St.<br><a href=\"http:\/\/www.redcat.ca\" target=\"_blank\" rel=\"noopener noreferrer\">Red Cat Records<\/a> &#8211;&nbsp;4332 Main St.<br><a href=\"http:\/\/www.zulurecords.com\" target=\"_blank\" rel=\"noopener noreferrer\">Zulu&nbsp;Records<\/a> &#8211; 1972 West 4th Ave.<\/p>\n\n\n\n<p>What&#8217;s your favourite record store that sells wax? Let us know at <a href=\"mailto:info@cultureaddicts.com\" target=\"_blank\" rel=\"noopener noreferrer\">info@cultureaddicts.com<\/a> and we&#8217;ll add it to the list.<\/p>\n","protected":false},"excerpt":{"rendered":"<div class=\"mh-excerpt\"><p>Hey vinyl addicts!!! We&#8217;ve been slowly pulling together a growing list of record stores that stock vinyl from places around the world. It\u2019s basically shops <a class=\"mh-excerpt-more\" href=\"https:\/\/cultureaddicts.com\/?page_id=14323\" title=\"Where you can dig\">[&#8230;]<\/a><\/p>\n<\/div>","protected":false},"author":1,"featured_media":19562,"parent":12654,"menu_order":2,"comment_status":"closed","ping_status":"closed","template":"","meta":{"footnotes":""},"class_list":["post-14323","page","type-page","status-publish","has-post-thumbnail","hentry"],"aioseo_notices":[],"jetpack_shortlink":"https:\/\/wp.me\/P2B2TV-3J1","jetpack-related-posts":[{"id":14321,"url":"https:\/\/cultureaddicts.com\/?page_id=14321","url_meta":{"origin":14323,"position":0},"title":"Links","author":"cultureaddicts","date":"July 31, 2015","format":false,"excerpt":"We've always been vinyl advocates as well as addicts. If you've come to this page, you must also be a vinyl addict or interested in vinyl, so we threw together a few links that might interest you. Discogs - discogs.com Record Store Day -\u00a0recordstoreday.com Vinyl Records \u2013 Why People Collect\u2026","rel":"","context":"Similar post","block_context":{"text":"Similar post","link":""},"img":{"alt_text":"","src":"https:\/\/i0.wp.com\/cultureaddicts.com\/wp-content\/uploads\/2015\/07\/links.jpg?resize=350%2C200&ssl=1","width":350,"height":200},"classes":[]},{"id":14314,"url":"https:\/\/cultureaddicts.com\/?page_id=14314","url_meta":{"origin":14323,"position":1},"title":"Collecting tips + products","author":"cultureaddicts","date":"July 31, 2015","format":false,"excerpt":"Ikea mods for vinyl addicts Online, you can find a bunch of cool Ikea cabinet hacks just for vinyl collectors. Here's a few of them: Showcase your sleeves with this Expedit hack -\u00a0ikeahackers.net\/2013\/08\/ferg-frugal-expedit-record-gallery.html Open cabinet with modded legs -ikeahackers.net\/2011\/08\/vinyl-lovers-storage-unit-and-dj-console.html Record console \/ cabinet -ikeahackers.net\/2014\/09\/mid-century-modern-record-console.html Vinyl related tips 24 things you\u2026","rel":"","context":"Similar post","block_context":{"text":"Similar post","link":""},"img":{"alt_text":"Discogs app","src":"https:\/\/i0.wp.com\/cultureaddicts.com\/wp-content\/uploads\/2019\/06\/phones.png?resize=350%2C200&ssl=1","width":350,"height":200,"srcset":"https:\/\/i0.wp.com\/cultureaddicts.com\/wp-content\/uploads\/2019\/06\/phones.png?resize=350%2C200&ssl=1 1x, https:\/\/i0.wp.com\/cultureaddicts.com\/wp-content\/uploads\/2019\/06\/phones.png?resize=525%2C300&ssl=1 1.5x, https:\/\/i0.wp.com\/cultureaddicts.com\/wp-content\/uploads\/2019\/06\/phones.png?resize=700%2C400&ssl=1 2x"},"classes":[]},{"id":12654,"url":"https:\/\/cultureaddicts.com\/?page_id=12654","url_meta":{"origin":14323,"position":2},"title":"Vinyl junkies&#8217; corner","author":"cultureaddicts","date":"March 2, 2015","format":false,"excerpt":"This corner of Culture Addicts is dedicated to anything vinyl related. As vinyl collectors ourselves,\u00a0we wanted to share some cool and interesting things we found. Tips and products Where you can dig Links","rel":"","context":"Similar post","block_context":{"text":"Similar post","link":""},"img":{"alt_text":"","src":"https:\/\/i0.wp.com\/cultureaddicts.com\/wp-content\/uploads\/2015\/03\/6881684-vinyl-wallpaper.jpg?resize=350%2C200&ssl=1","width":350,"height":200,"srcset":"https:\/\/i0.wp.com\/cultureaddicts.com\/wp-content\/uploads\/2015\/03\/6881684-vinyl-wallpaper.jpg?resize=350%2C200&ssl=1 1x, https:\/\/i0.wp.com\/cultureaddicts.com\/wp-content\/uploads\/2015\/03\/6881684-vinyl-wallpaper.jpg?resize=525%2C300&ssl=1 1.5x, https:\/\/i0.wp.com\/cultureaddicts.com\/wp-content\/uploads\/2015\/03\/6881684-vinyl-wallpaper.jpg?resize=700%2C400&ssl=1 2x, https:\/\/i0.wp.com\/cultureaddicts.com\/wp-content\/uploads\/2015\/03\/6881684-vinyl-wallpaper.jpg?resize=1050%2C600&ssl=1 3x, https:\/\/i0.wp.com\/cultureaddicts.com\/wp-content\/uploads\/2015\/03\/6881684-vinyl-wallpaper.jpg?resize=1400%2C800&ssl=1 4x"},"classes":[]},{"id":20716,"url":"https:\/\/cultureaddicts.com\/?page_id=20716","url_meta":{"origin":14323,"position":3},"title":"Interesting articles","author":"cultureaddicts","date":"March 7, 2016","format":false,"excerpt":"While cruising around the 'net, we collected some articles about collecting vinyl and other record collecting themed write-ups. Check them out below... 36 records that deserve a place in any vinyl collection An audiophile's conversion from vinyl to digital, then back again to loving LPs Inside the World's Largest Record\u2026","rel":"","context":"Similar post","block_context":{"text":"Similar post","link":""},"img":{"alt_text":"","src":"","width":0,"height":0},"classes":[]},{"id":809,"url":"https:\/\/cultureaddicts.com\/?page_id=809","url_meta":{"origin":14323,"position":4},"title":"Listen: Your Pretend Boyfriend","author":"cultureaddicts","date":"September 10, 2011","format":false,"excerpt":"Live stream archives https:\/\/www.mixcloud.com\/YourPretendBoyfriend\/the-dead-set-20260126-010402\/ https:\/\/www.mixcloud.com\/YourPretendBoyfriend\/dance-punk-is-playing-at-my-house-presented-by-your-pretend-boyfriend-20240819-000139\/ https:\/\/www.mixcloud.com\/YourPretendBoyfriend\/random-presented-by-your-pretend-boyfriend-20240729-000046\/ https:\/\/www.mixcloud.com\/YourPretendBoyfriend\/your-pretend-boyfriend-presents-gritty-shaker-20230403-000034\/ https:\/\/www.mixcloud.com\/YourPretendBoyfriend\/your-pretend-boyfriend-presents-dark-disco-20220905-000047\/ https:\/\/www.mixcloud.com\/YourPretendBoyfriend\/your-pretend-boyfriends-all-vinyl-live-session-20220228-000020\/ https:\/\/www.mixcloud.com\/YourPretendBoyfriend\/your-pretend-boyfriends-all-vinyl-live-session-20220207-000129\/ https:\/\/www.mixcloud.com\/YourPretendBoyfriend\/your-pretend-boyfriends-all-vinyl-live-session-20211220-000010\/ https:\/\/www.mixcloud.com\/YourPretendBoyfriend\/your-pretend-boyfriends-all-vinyl-live-session-20211122-000014\/ https:\/\/www.mixcloud.com\/YourPretendBoyfriend\/your-pretend-boyfriends-all-vinyl-live-session-20211030-223900\/ https:\/\/www.mixcloud.com\/YourPretendBoyfriend\/your-pretend-boyfriends-all-vinyl-live-session-20211016-225505\/ Original tracks Angle Grinder (Demo) Angels With Their Eyes Sewn Shut Winterkill - Fadeaway Young Offender Remixes Caribou - Sun (Your Pretend Boyfriend Supernova Remix) Peter Gabriel - Games Without Frontiers (YPB Glitchgaze Remix) Rodeo Massacre\u2026","rel":"","context":"Similar post","block_context":{"text":"Similar post","link":""},"img":{"alt_text":"","src":"","width":0,"height":0},"classes":[]},{"id":37852,"url":"https:\/\/cultureaddicts.com\/?page_id=37852","url_meta":{"origin":14323,"position":5},"title":"Six Degrees Series","author":"cultureaddicts","date":"March 6, 2022","format":false,"excerpt":"The Six Degrees is an online series streamed via Mixcloud. It\u2019s all about connections and the musical thread that ties together two bands. It might be a spin-off band, cover version, solo project, sample, producer, and any other connection that creates a link between each band. Each episode, we will\u2026","rel":"","context":"Similar post","block_context":{"text":"Similar post","link":""},"img":{"alt_text":"Six degrees series logo","src":"https:\/\/i0.wp.com\/cultureaddicts.com\/wp-content\/uploads\/2022\/03\/40F8553C-2CD5-429B-B362-7926B9080F56.jpeg?fit=884%2C264&ssl=1&resize=350%2C200","width":350,"height":200,"srcset":"https:\/\/i0.wp.com\/cultureaddicts.com\/wp-content\/uploads\/2022\/03\/40F8553C-2CD5-429B-B362-7926B9080F56.jpeg?fit=884%2C264&ssl=1&resize=350%2C200 1x, https:\/\/i0.wp.com\/cultureaddicts.com\/wp-content\/uploads\/2022\/03\/40F8553C-2CD5-429B-B362-7926B9080F56.jpeg?fit=884%2C264&ssl=1&resize=525%2C300 1.5x, https:\/\/i0.wp.com\/cultureaddicts.com\/wp-content\/uploads\/2022\/03\/40F8553C-2CD5-429B-B362-7926B9080F56.jpeg?fit=884%2C264&ssl=1&resize=700%2C400 2x"},"classes":[]}],"jetpack_sharing_enabled":true,"jetpack_likes_enabled":true,"_links":{"self":[{"href":"https:\/\/cultureaddicts.com\/index.php?rest_route=\/wp\/v2\/pages\/14323","targetHints":{"allow":["GET"]}}],"collection":[{"href":"https:\/\/cultureaddicts.com\/index.php?rest_route=\/wp\/v2\/pages"}],"about":[{"href":"https:\/\/cultureaddicts.com\/index.php?rest_route=\/wp\/v2\/types\/page"}],"author":[{"embeddable":true,"href":"https:\/\/cultureaddicts.com\/index.php?rest_route=\/wp\/v2\/users\/1"}],"replies":[{"embeddable":true,"href":"https:\/\/cultureaddicts.com\/index.php?rest_route=%2Fwp%2Fv2%2Fcomments&post=14323"}],"version-history":[{"count":64,"href":"https:\/\/cultureaddicts.com\/index.php?rest_route=\/wp\/v2\/pages\/14323\/revisions"}],"predecessor-version":[{"id":40679,"href":"https:\/\/cultureaddicts.com\/index.php?rest_route=\/wp\/v2\/pages\/14323\/revisions\/40679"}],"up":[{"embeddable":true,"href":"https:\/\/cultureaddicts.com\/index.php?rest_route=\/wp\/v2\/pages\/12654"}],"wp:featuredmedia":[{"embeddable":true,"href":"https:\/\/cultureaddicts.com\/index.php?rest_route=\/wp\/v2\/media\/19562"}],"wp:attachment":[{"href":"https:\/\/cultureaddicts.com\/index.php?rest_route=%2Fwp%2Fv2%2Fmedia&parent=14323"}],"curies":[{"name":"wp","href":"https:\/\/api.w.org\/{rel}","templated":true}]}}